{"id":41,"date":"2017-12-08T11:00:32","date_gmt":"2017-12-08T10:00:32","guid":{"rendered":"http:\/\/www.horak-it.at\/?page_id=41"},"modified":"2025-06-17T20:32:00","modified_gmt":"2025-06-17T18:32:00","slug":"service-dienstleistungen","status":"publish","type":"page","link":"https:\/\/www.horak-it.at\/index.php\/service-dienstleistungen\/","title":{"rendered":"Service &#038; Dienstleistungen"},"content":{"rendered":"<h2>Unsere IT-Services im \u00dcberblick<\/h2>\n<h3>Software &#038; Programmierung<\/h3>\n<ul>\n<li>Individuelle Beratung und Bedarfsanalyse<\/li>\n<li>Beschaffung und Lizenzierung von Software<\/li>\n<li>Programmierung ma\u00dfgeschneiderter Anwendungen \u2013 z.\u202fB. Schnittstellen zwischen Systemen<\/li>\n<li>Installation von:\n<ul>\n<li>Betriebssystemen (Windows &#038; Linux)<\/li>\n<li>Standardsoftware (Office, PDF, Java etc.)<\/li>\n<li>Branchenspezifischer Spezialsoftware in Kooperation mit Drittherstellern<\/li>\n<\/ul>\n<\/li>\n<li>Laufende Wartung &#038; Updates Ihrer Softwareumgebung (Business Continuity Management)<\/li>\n<\/ul>\n<h3>Hardware &#038; Infrastruktur<\/h3>\n<ul>\n<li>Beratung und Unterst\u00fctzung bei der Auswahl und Beschaffung von Servern, PCs, Monitoren, Druckern etc.<\/li>\n<li>Ger\u00e4te-Upgrades sowie Austausch defekter oder veralteter Hardware<\/li>\n<li>Inbetriebnahme und Erweiterung von IT-Komponenten (Netzwerk, Modem, Telefonanlage, u.v.m.)<\/li>\n<li>Einbindung und Konfiguration von Peripherieger\u00e4ten (Drucker, Scanner, etc.)<\/li>\n<\/ul>\n<h3>Fehlerdiagnose &#038; St\u00f6rungsbehebung (Incident Management)<\/h3>\n<ul>\n<li>Schnelle Analyse technischer Probleme<\/li>\n<li>Ursachenforschung und zielgerichtete L\u00f6sungsfindung<\/li>\n<li>St\u00f6rungsbehebung vor Ort oder via Fernzugriff<\/li>\n<li>Transparente Kostensch\u00e4tzungen f\u00fcr Reparaturen oder Ma\u00dfnahmen<\/li>\n<\/ul>\n<h3>IT-Beratung &#038; Sicherheit<\/h3>\n<ul>\n<li>Durchf\u00fchrung von Sicherheitsanalysen und Risikoabsch\u00e4tzungen<\/li>\n<li>Vor-Ort-Service auch au\u00dferhalb regul\u00e4rer Arbeitszeiten<\/li>\n<li>Verl\u00e4sslicher Notfalldienst bei akuten Problemen<\/li>\n<li>Schnelle Hilfe via Fernwartung<\/li>\n<\/ul>\n<h3>Datenmanagement &#038; Prozessunterst\u00fctzung<\/h3>\n<ul>\n<li>Erfassung und Pflege von Daten im Unternehmenssystem<\/li>\n<li>Unterst\u00fctzung bei Auftrags- und Angebotsmanagement<\/li>\n<li>Erstellung von Reports &#038; Auswertungen<\/li>\n<\/ul>\n<h3>Rundum-IT-Support f\u00fcr Ihr Unternehmen<\/h3>\n<p>Sie m\u00f6chten sich nicht mit Technik aufhalten? Wir sorgen daf\u00fcr, dass Ihre IT l\u00e4uft \u2013 zuverl\u00e4ssig, effizient und auf Ihre Bed\u00fcrfnisse abgestimmt.<\/p>\n<p><strong>\ud83d\udcde Kontaktieren Sie uns unter +43 650 567 8378<\/strong> oder <a href=\"http:\/\/www.horak-it.at\/index.php\/kontakt\/\">vereinbaren Sie hier ein unverbindliches Beratungsgespr\u00e4ch<\/a>.<\/p>\n","protected":false},"excerpt":{"rendered":"<p>Unsere IT-Services im \u00dcberblick Software &#038; Programmierung Individuelle Beratung und Bedarfsanalyse Beschaffung und Lizenzierung von Software Programmierung ma\u00dfgeschneiderter Anwendungen \u2013 z.\u202fB. Schnittstellen zwischen Systemen Installation von: Betriebssystemen (Windows &#038; Linux) Standardsoftware (Office, PDF, Java etc.) Branchenspezifischer Spezialsoftware in Kooperation mit<\/p>\n","protected":false},"author":1,"featured_media":0,"parent":0,"menu_order":0,"comment_status":"closed","ping_status":"closed","template":"","meta":{"footnotes":""},"class_list":["post-41","page","type-page","status-publish","hentry"],"yoast_head":"<!-- This site is optimized with the Yoast SEO plugin v27.5 - https:\/\/yoast.com\/product\/yoast-seo-wordpress\/ -->\n<title>Service &amp; Dienstleistungen - HORAK-IT.at<\/title>\n<meta name=\"robots\" content=\"index, follow, max-snippet:-1, max-image-preview:large, max-video-preview:-1\" \/>\n<link rel=\"canonical\" href=\"https:\/\/www.horak-it.at\/index.php\/service-dienstleistungen\/\" \/>\n<meta property=\"og:locale\" content=\"de_DE\" \/>\n<meta property=\"og:type\" content=\"article\" \/>\n<meta property=\"og:title\" content=\"Service &amp; Dienstleistungen - HORAK-IT.at\" \/>\n<meta property=\"og:description\" content=\"Unsere IT-Services im \u00dcberblick Software &#038; Programmierung Individuelle Beratung und Bedarfsanalyse Beschaffung und Lizenzierung von Software Programmierung ma\u00dfgeschneiderter Anwendungen \u2013 z.\u202fB. Schnittstellen zwischen Systemen Installation von: Betriebssystemen (Windows &#038; Linux) Standardsoftware (Office, PDF, Java etc.) Branchenspezifischer Spezialsoftware in Kooperation mit\" \/>\n<meta property=\"og:url\" content=\"https:\/\/www.horak-it.at\/index.php\/service-dienstleistungen\/\" \/>\n<meta property=\"og:site_name\" content=\"HORAK-IT.at\" \/>\n<meta property=\"article:publisher\" content=\"https:\/\/www.facebook.com\/HorakIT\" \/>\n<meta property=\"article:modified_time\" content=\"2025-06-17T18:32:00+00:00\" \/>\n<meta name=\"twitter:card\" content=\"summary_large_image\" \/>\n<meta name=\"twitter:label1\" content=\"Gesch\u00e4tzte Lesezeit\" \/>\n\t<meta name=\"twitter:data1\" content=\"1\u00a0Minute\" \/>\n<script type=\"application\/ld+json\" class=\"yoast-schema-graph\">{\"@context\":\"https:\\\/\\\/schema.org\",\"@graph\":[{\"@type\":\"WebPage\",\"@id\":\"https:\\\/\\\/www.horak-it.at\\\/index.php\\\/service-dienstleistungen\\\/\",\"url\":\"https:\\\/\\\/www.horak-it.at\\\/index.php\\\/service-dienstleistungen\\\/\",\"name\":\"Service & Dienstleistungen - HORAK-IT.at\",\"isPartOf\":{\"@id\":\"https:\\\/\\\/www.horak-it.at\\\/#website\"},\"datePublished\":\"2017-12-08T10:00:32+00:00\",\"dateModified\":\"2025-06-17T18:32:00+00:00\",\"breadcrumb\":{\"@id\":\"https:\\\/\\\/www.horak-it.at\\\/index.php\\\/service-dienstleistungen\\\/#breadcrumb\"},\"inLanguage\":\"de\",\"potentialAction\":[{\"@type\":\"ReadAction\",\"target\":[\"https:\\\/\\\/www.horak-it.at\\\/index.php\\\/service-dienstleistungen\\\/\"]}]},{\"@type\":\"BreadcrumbList\",\"@id\":\"https:\\\/\\\/www.horak-it.at\\\/index.php\\\/service-dienstleistungen\\\/#breadcrumb\",\"itemListElement\":[{\"@type\":\"ListItem\",\"position\":1,\"name\":\"Startseite\",\"item\":\"https:\\\/\\\/www.horak-it.at\\\/\"},{\"@type\":\"ListItem\",\"position\":2,\"name\":\"Service &#038; Dienstleistungen\"}]},{\"@type\":\"WebSite\",\"@id\":\"https:\\\/\\\/www.horak-it.at\\\/#website\",\"url\":\"https:\\\/\\\/www.horak-it.at\\\/\",\"name\":\"HORAK-IT.at\",\"description\":\"Weil EDV kein \u00c4rgernis sein muss \u2013 sondern ein Werkzeug, das einfach funktioniert.\",\"publisher\":{\"@id\":\"https:\\\/\\\/www.horak-it.at\\\/#organization\"},\"potentialAction\":[{\"@type\":\"SearchAction\",\"target\":{\"@type\":\"EntryPoint\",\"urlTemplate\":\"https:\\\/\\\/www.horak-it.at\\\/?s={search_term_string}\"},\"query-input\":{\"@type\":\"PropertyValueSpecification\",\"valueRequired\":true,\"valueName\":\"search_term_string\"}}],\"inLanguage\":\"de\"},{\"@type\":\"Organization\",\"@id\":\"https:\\\/\\\/www.horak-it.at\\\/#organization\",\"name\":\"HORAK-IT\",\"url\":\"https:\\\/\\\/www.horak-it.at\\\/\",\"logo\":{\"@type\":\"ImageObject\",\"inLanguage\":\"de\",\"@id\":\"https:\\\/\\\/www.horak-it.at\\\/#\\\/schema\\\/logo\\\/image\\\/\",\"url\":\"https:\\\/\\\/www.horak-it.at\\\/wp-content\\\/uploads\\\/2018\\\/02\\\/cropped-Horak-IT-Icon-500px_V2.png\",\"contentUrl\":\"https:\\\/\\\/www.horak-it.at\\\/wp-content\\\/uploads\\\/2018\\\/02\\\/cropped-Horak-IT-Icon-500px_V2.png\",\"width\":516,\"height\":452,\"caption\":\"HORAK-IT\"},\"image\":{\"@id\":\"https:\\\/\\\/www.horak-it.at\\\/#\\\/schema\\\/logo\\\/image\\\/\"},\"sameAs\":[\"https:\\\/\\\/www.facebook.com\\\/HorakIT\"]}]}<\/script>\n<!-- \/ Yoast SEO plugin. -->","yoast_head_json":{"title":"Service & Dienstleistungen - HORAK-IT.at","robots":{"index":"index","follow":"follow","max-snippet":"max-snippet:-1","max-image-preview":"max-image-preview:large","max-video-preview":"max-video-preview:-1"},"canonical":"https:\/\/www.horak-it.at\/index.php\/service-dienstleistungen\/","og_locale":"de_DE","og_type":"article","og_title":"Service & Dienstleistungen - HORAK-IT.at","og_description":"Unsere IT-Services im \u00dcberblick Software &#038; Programmierung Individuelle Beratung und Bedarfsanalyse Beschaffung und Lizenzierung von Software Programmierung ma\u00dfgeschneiderter Anwendungen \u2013 z.\u202fB. Schnittstellen zwischen Systemen Installation von: Betriebssystemen (Windows &#038; Linux) Standardsoftware (Office, PDF, Java etc.) Branchenspezifischer Spezialsoftware in Kooperation mit","og_url":"https:\/\/www.horak-it.at\/index.php\/service-dienstleistungen\/","og_site_name":"HORAK-IT.at","article_publisher":"https:\/\/www.facebook.com\/HorakIT","article_modified_time":"2025-06-17T18:32:00+00:00","twitter_card":"summary_large_image","twitter_misc":{"Gesch\u00e4tzte Lesezeit":"1\u00a0Minute"},"schema":{"@context":"https:\/\/schema.org","@graph":[{"@type":"WebPage","@id":"https:\/\/www.horak-it.at\/index.php\/service-dienstleistungen\/","url":"https:\/\/www.horak-it.at\/index.php\/service-dienstleistungen\/","name":"Service & Dienstleistungen - HORAK-IT.at","isPartOf":{"@id":"https:\/\/www.horak-it.at\/#website"},"datePublished":"2017-12-08T10:00:32+00:00","dateModified":"2025-06-17T18:32:00+00:00","breadcrumb":{"@id":"https:\/\/www.horak-it.at\/index.php\/service-dienstleistungen\/#breadcrumb"},"inLanguage":"de","potentialAction":[{"@type":"ReadAction","target":["https:\/\/www.horak-it.at\/index.php\/service-dienstleistungen\/"]}]},{"@type":"BreadcrumbList","@id":"https:\/\/www.horak-it.at\/index.php\/service-dienstleistungen\/#breadcrumb","itemListElement":[{"@type":"ListItem","position":1,"name":"Startseite","item":"https:\/\/www.horak-it.at\/"},{"@type":"ListItem","position":2,"name":"Service &#038; Dienstleistungen"}]},{"@type":"WebSite","@id":"https:\/\/www.horak-it.at\/#website","url":"https:\/\/www.horak-it.at\/","name":"HORAK-IT.at","description":"Weil EDV kein \u00c4rgernis sein muss \u2013 sondern ein Werkzeug, das einfach funktioniert.","publisher":{"@id":"https:\/\/www.horak-it.at\/#organization"},"potentialAction":[{"@type":"SearchAction","target":{"@type":"EntryPoint","urlTemplate":"https:\/\/www.horak-it.at\/?s={search_term_string}"},"query-input":{"@type":"PropertyValueSpecification","valueRequired":true,"valueName":"search_term_string"}}],"inLanguage":"de"},{"@type":"Organization","@id":"https:\/\/www.horak-it.at\/#organization","name":"HORAK-IT","url":"https:\/\/www.horak-it.at\/","logo":{"@type":"ImageObject","inLanguage":"de","@id":"https:\/\/www.horak-it.at\/#\/schema\/logo\/image\/","url":"https:\/\/www.horak-it.at\/wp-content\/uploads\/2018\/02\/cropped-Horak-IT-Icon-500px_V2.png","contentUrl":"https:\/\/www.horak-it.at\/wp-content\/uploads\/2018\/02\/cropped-Horak-IT-Icon-500px_V2.png","width":516,"height":452,"caption":"HORAK-IT"},"image":{"@id":"https:\/\/www.horak-it.at\/#\/schema\/logo\/image\/"},"sameAs":["https:\/\/www.facebook.com\/HorakIT"]}]}},"jetpack_sharing_enabled":true,"jetpack_shortlink":"https:\/\/wp.me\/P9n7Cg-F","_links":{"self":[{"href":"https:\/\/www.horak-it.at\/index.php\/wp-json\/wp\/v2\/pages\/41","targetHints":{"allow":["GET"]}}],"collection":[{"href":"https:\/\/www.horak-it.at\/index.php\/wp-json\/wp\/v2\/pages"}],"about":[{"href":"https:\/\/www.horak-it.at\/index.php\/wp-json\/wp\/v2\/types\/page"}],"author":[{"embeddable":true,"href":"https:\/\/www.horak-it.at\/index.php\/wp-json\/wp\/v2\/users\/1"}],"replies":[{"embeddable":true,"href":"https:\/\/www.horak-it.at\/index.php\/wp-json\/wp\/v2\/comments?post=41"}],"version-history":[{"count":8,"href":"https:\/\/www.horak-it.at\/index.php\/wp-json\/wp\/v2\/pages\/41\/revisions"}],"predecessor-version":[{"id":79,"href":"https:\/\/www.horak-it.at\/index.php\/wp-json\/wp\/v2\/pages\/41\/revisions\/79"}],"wp:attachment":[{"href":"https:\/\/www.horak-it.at\/index.php\/wp-json\/wp\/v2\/media?parent=41"}],"curies":[{"name":"wp","href":"https:\/\/api.w.org\/{rel}","templated":true}]}}