{"id":72,"date":"2018-05-19T16:24:09","date_gmt":"2018-05-19T14:24:09","guid":{"rendered":"http:\/\/www.horak-it.at\/?page_id=72"},"modified":"2018-09-17T20:17:00","modified_gmt":"2018-09-17T18:17:00","slug":"72-2","status":"publish","type":"page","link":"https:\/\/www.horak-it.at\/index.php\/72-2\/","title":{"rendered":"Impressum"},"content":{"rendered":"<table>\n<tbody>\n<tr>\n<td>Webseite der Firma<\/td>\n<td>www.Horak-IT.at<\/td>\n<\/tr>\n<tr>\n<td>Inhaber<\/td>\n<td>Michael Horak<\/td>\n<\/tr>\n<tr>\n<td>Offenlegung nach Mediengesetz<\/td>\n<td><a href=\"https:\/\/firmen.wko.at\/Web\/DetailsKontakt.aspx?FirmaID=5e2703b4-75a6-40c3-b7fb-4fc7936e1d22\">Michael Horak &#8211; HORAK-IT<\/a><br \/>\nIT-Dienstleistung<\/td>\n<\/tr>\n<tr>\n<td>Firmensitz:<\/td>\n<td>Gumpling 34, 5121 Ostermiething<\/td>\n<\/tr>\n<tr>\n<td>Kontakt:<\/td>\n<td>Tel: <strong>+43 650 567 8378<\/strong><br \/>\nEmail: office @ Domain dieser Seite<\/td>\n<\/tr>\n<tr>\n<td>Mitgliedschaften bei der<br \/>\nWirtschaftskammer<\/td>\n<td>Mitglied der WKO <a id=\"ctl00_SectionPlaceHolder_mitgliederBranchen_kammerRepeater_ctl00_fachgruppen_ctl01_BranchenPageLink\" class=\"link-list__link\" title=\"FG Unternehmensberatung, Buchhaltung und Informationstechn.\" href=\"https:\/\/www.wko.at\/service\/dienststelle.html?orgid=17556\">FG Unternehmensberatung, Buchhaltung und Informationstechn.<\/a><\/td>\n<\/tr>\n<\/tbody>\n<\/table>\n<h2>Haftungsausschlu\u00df<\/h2>\n<p>Dieser Webauftritt steht im Eigentum von \u201eHorak-IT\u201c. Wir bem\u00fchen uns, bestm\u00f6glich, die Genauigkeit und Vollst\u00e4ndigkeit der auf dieser Website angebotenen Informationen sicherzustellen. Wir \u00fcbernehmen jedoch keinerlei Haftung und Garantie f\u00fcr die angezeigten Inhalte. Im Besonderen \u00fcbernehmen wir keine Haftung f\u00fcr die hier verlinkten Seiten und machen uns ihre Inhalte nicht zu Eigen.<br \/>\nDes Weiteren behalten wir uns das Recht vor, jederzeit \u00c4nderungen der Inhalte ohne Vorank\u00fcndigung vorzunehmen.<\/p>\n","protected":false},"excerpt":{"rendered":"<p>Webseite der Firma www.Horak-IT.at Inhaber Michael Horak Offenlegung nach Mediengesetz Michael Horak &#8211; HORAK-IT IT-Dienstleistung Firmensitz: Gumpling 34, 5121 Ostermiething Kontakt: Tel: +43 650 567 8378 Email: office @ Domain dieser Seite Mitgliedschaften bei der Wirtschaftskammer Mitglied der WKO FG<\/p>\n","protected":false},"author":1,"featured_media":0,"parent":0,"menu_order":0,"comment_status":"closed","ping_status":"closed","template":"","meta":{"footnotes":""},"class_list":["post-72","page","type-page","status-publish","hentry"],"yoast_head":"<!-- This site is optimized with the Yoast SEO plugin v27.5 - https:\/\/yoast.com\/product\/yoast-seo-wordpress\/ -->\n<title>Impressum - HORAK-IT.at<\/title>\n<meta name=\"robots\" content=\"index, follow, max-snippet:-1, max-image-preview:large, max-video-preview:-1\" \/>\n<link rel=\"canonical\" href=\"https:\/\/www.horak-it.at\/index.php\/72-2\/\" \/>\n<meta property=\"og:locale\" content=\"de_DE\" \/>\n<meta property=\"og:type\" content=\"article\" \/>\n<meta property=\"og:title\" content=\"Impressum - HORAK-IT.at\" \/>\n<meta property=\"og:description\" content=\"Webseite der Firma www.Horak-IT.at Inhaber Michael Horak Offenlegung nach Mediengesetz Michael Horak &#8211; HORAK-IT IT-Dienstleistung Firmensitz: Gumpling 34, 5121 Ostermiething Kontakt: Tel: +43 650 567 8378 Email: office @ Domain dieser Seite Mitgliedschaften bei der Wirtschaftskammer Mitglied der WKO FG\" \/>\n<meta property=\"og:url\" content=\"https:\/\/www.horak-it.at\/index.php\/72-2\/\" \/>\n<meta property=\"og:site_name\" content=\"HORAK-IT.at\" \/>\n<meta property=\"article:publisher\" content=\"https:\/\/www.facebook.com\/HorakIT\" \/>\n<meta property=\"article:modified_time\" content=\"2018-09-17T18:17:00+00:00\" \/>\n<meta name=\"twitter:card\" content=\"summary_large_image\" \/>\n<meta name=\"twitter:label1\" content=\"Gesch\u00e4tzte Lesezeit\" \/>\n\t<meta name=\"twitter:data1\" content=\"1\u00a0Minute\" \/>\n<script type=\"application\/ld+json\" class=\"yoast-schema-graph\">{\"@context\":\"https:\\\/\\\/schema.org\",\"@graph\":[{\"@type\":\"WebPage\",\"@id\":\"https:\\\/\\\/www.horak-it.at\\\/index.php\\\/72-2\\\/\",\"url\":\"https:\\\/\\\/www.horak-it.at\\\/index.php\\\/72-2\\\/\",\"name\":\"Impressum - HORAK-IT.at\",\"isPartOf\":{\"@id\":\"https:\\\/\\\/www.horak-it.at\\\/#website\"},\"datePublished\":\"2018-05-19T14:24:09+00:00\",\"dateModified\":\"2018-09-17T18:17:00+00:00\",\"breadcrumb\":{\"@id\":\"https:\\\/\\\/www.horak-it.at\\\/index.php\\\/72-2\\\/#breadcrumb\"},\"inLanguage\":\"de\",\"potentialAction\":[{\"@type\":\"ReadAction\",\"target\":[\"https:\\\/\\\/www.horak-it.at\\\/index.php\\\/72-2\\\/\"]}]},{\"@type\":\"BreadcrumbList\",\"@id\":\"https:\\\/\\\/www.horak-it.at\\\/index.php\\\/72-2\\\/#breadcrumb\",\"itemListElement\":[{\"@type\":\"ListItem\",\"position\":1,\"name\":\"Startseite\",\"item\":\"https:\\\/\\\/www.horak-it.at\\\/\"},{\"@type\":\"ListItem\",\"position\":2,\"name\":\"Impressum\"}]},{\"@type\":\"WebSite\",\"@id\":\"https:\\\/\\\/www.horak-it.at\\\/#website\",\"url\":\"https:\\\/\\\/www.horak-it.at\\\/\",\"name\":\"HORAK-IT.at\",\"description\":\"Weil EDV kein \u00c4rgernis sein muss \u2013 sondern ein Werkzeug, das einfach funktioniert.\",\"publisher\":{\"@id\":\"https:\\\/\\\/www.horak-it.at\\\/#organization\"},\"potentialAction\":[{\"@type\":\"SearchAction\",\"target\":{\"@type\":\"EntryPoint\",\"urlTemplate\":\"https:\\\/\\\/www.horak-it.at\\\/?s={search_term_string}\"},\"query-input\":{\"@type\":\"PropertyValueSpecification\",\"valueRequired\":true,\"valueName\":\"search_term_string\"}}],\"inLanguage\":\"de\"},{\"@type\":\"Organization\",\"@id\":\"https:\\\/\\\/www.horak-it.at\\\/#organization\",\"name\":\"HORAK-IT\",\"url\":\"https:\\\/\\\/www.horak-it.at\\\/\",\"logo\":{\"@type\":\"ImageObject\",\"inLanguage\":\"de\",\"@id\":\"https:\\\/\\\/www.horak-it.at\\\/#\\\/schema\\\/logo\\\/image\\\/\",\"url\":\"https:\\\/\\\/www.horak-it.at\\\/wp-content\\\/uploads\\\/2018\\\/02\\\/cropped-Horak-IT-Icon-500px_V2.png\",\"contentUrl\":\"https:\\\/\\\/www.horak-it.at\\\/wp-content\\\/uploads\\\/2018\\\/02\\\/cropped-Horak-IT-Icon-500px_V2.png\",\"width\":516,\"height\":452,\"caption\":\"HORAK-IT\"},\"image\":{\"@id\":\"https:\\\/\\\/www.horak-it.at\\\/#\\\/schema\\\/logo\\\/image\\\/\"},\"sameAs\":[\"https:\\\/\\\/www.facebook.com\\\/HorakIT\"]}]}<\/script>\n<!-- \/ Yoast SEO plugin. -->","yoast_head_json":{"title":"Impressum - HORAK-IT.at","robots":{"index":"index","follow":"follow","max-snippet":"max-snippet:-1","max-image-preview":"max-image-preview:large","max-video-preview":"max-video-preview:-1"},"canonical":"https:\/\/www.horak-it.at\/index.php\/72-2\/","og_locale":"de_DE","og_type":"article","og_title":"Impressum - HORAK-IT.at","og_description":"Webseite der Firma www.Horak-IT.at Inhaber Michael Horak Offenlegung nach Mediengesetz Michael Horak &#8211; HORAK-IT IT-Dienstleistung Firmensitz: Gumpling 34, 5121 Ostermiething Kontakt: Tel: +43 650 567 8378 Email: office @ Domain dieser Seite Mitgliedschaften bei der Wirtschaftskammer Mitglied der WKO FG","og_url":"https:\/\/www.horak-it.at\/index.php\/72-2\/","og_site_name":"HORAK-IT.at","article_publisher":"https:\/\/www.facebook.com\/HorakIT","article_modified_time":"2018-09-17T18:17:00+00:00","twitter_card":"summary_large_image","twitter_misc":{"Gesch\u00e4tzte Lesezeit":"1\u00a0Minute"},"schema":{"@context":"https:\/\/schema.org","@graph":[{"@type":"WebPage","@id":"https:\/\/www.horak-it.at\/index.php\/72-2\/","url":"https:\/\/www.horak-it.at\/index.php\/72-2\/","name":"Impressum - HORAK-IT.at","isPartOf":{"@id":"https:\/\/www.horak-it.at\/#website"},"datePublished":"2018-05-19T14:24:09+00:00","dateModified":"2018-09-17T18:17:00+00:00","breadcrumb":{"@id":"https:\/\/www.horak-it.at\/index.php\/72-2\/#breadcrumb"},"inLanguage":"de","potentialAction":[{"@type":"ReadAction","target":["https:\/\/www.horak-it.at\/index.php\/72-2\/"]}]},{"@type":"BreadcrumbList","@id":"https:\/\/www.horak-it.at\/index.php\/72-2\/#breadcrumb","itemListElement":[{"@type":"ListItem","position":1,"name":"Startseite","item":"https:\/\/www.horak-it.at\/"},{"@type":"ListItem","position":2,"name":"Impressum"}]},{"@type":"WebSite","@id":"https:\/\/www.horak-it.at\/#website","url":"https:\/\/www.horak-it.at\/","name":"HORAK-IT.at","description":"Weil EDV kein \u00c4rgernis sein muss \u2013 sondern ein Werkzeug, das einfach funktioniert.","publisher":{"@id":"https:\/\/www.horak-it.at\/#organization"},"potentialAction":[{"@type":"SearchAction","target":{"@type":"EntryPoint","urlTemplate":"https:\/\/www.horak-it.at\/?s={search_term_string}"},"query-input":{"@type":"PropertyValueSpecification","valueRequired":true,"valueName":"search_term_string"}}],"inLanguage":"de"},{"@type":"Organization","@id":"https:\/\/www.horak-it.at\/#organization","name":"HORAK-IT","url":"https:\/\/www.horak-it.at\/","logo":{"@type":"ImageObject","inLanguage":"de","@id":"https:\/\/www.horak-it.at\/#\/schema\/logo\/image\/","url":"https:\/\/www.horak-it.at\/wp-content\/uploads\/2018\/02\/cropped-Horak-IT-Icon-500px_V2.png","contentUrl":"https:\/\/www.horak-it.at\/wp-content\/uploads\/2018\/02\/cropped-Horak-IT-Icon-500px_V2.png","width":516,"height":452,"caption":"HORAK-IT"},"image":{"@id":"https:\/\/www.horak-it.at\/#\/schema\/logo\/image\/"},"sameAs":["https:\/\/www.facebook.com\/HorakIT"]}]}},"jetpack_sharing_enabled":true,"jetpack_shortlink":"https:\/\/wp.me\/P9n7Cg-1a","_links":{"self":[{"href":"https:\/\/www.horak-it.at\/index.php\/wp-json\/wp\/v2\/pages\/72","targetHints":{"allow":["GET"]}}],"collection":[{"href":"https:\/\/www.horak-it.at\/index.php\/wp-json\/wp\/v2\/pages"}],"about":[{"href":"https:\/\/www.horak-it.at\/index.php\/wp-json\/wp\/v2\/types\/page"}],"author":[{"embeddable":true,"href":"https:\/\/www.horak-it.at\/index.php\/wp-json\/wp\/v2\/users\/1"}],"replies":[{"embeddable":true,"href":"https:\/\/www.horak-it.at\/index.php\/wp-json\/wp\/v2\/comments?post=72"}],"version-history":[{"count":4,"href":"https:\/\/www.horak-it.at\/index.php\/wp-json\/wp\/v2\/pages\/72\/revisions"}],"predecessor-version":[{"id":84,"href":"https:\/\/www.horak-it.at\/index.php\/wp-json\/wp\/v2\/pages\/72\/revisions\/84"}],"wp:attachment":[{"href":"https:\/\/www.horak-it.at\/index.php\/wp-json\/wp\/v2\/media?parent=72"}],"curies":[{"name":"wp","href":"https:\/\/api.w.org\/{rel}","templated":true}]}}